{"id":190,"date":"2019-12-13T02:53:52","date_gmt":"2019-12-13T01:53:52","guid":{"rendered":"https:\/\/www.motorsport-sandra.at\/wordpress\/?page_id=190"},"modified":"2023-12-21T09:47:43","modified_gmt":"2023-12-21T08:47:43","slug":"leistungen","status":"publish","type":"page","link":"https:\/\/www.motorsport-sandra.at\/wordpress\/leistungen\/","title":{"rendered":"Leistungen"},"content":{"rendered":"\n<div style=\"color:white;\">\n<script>document.getElementById(\"post-190\").firstElementChild.innerHTML = \"<h1 >Leistungen<\/h1>\";<\/script>\n\n\n\n<p class=\"has-text-align-left has-very-dark-gray-background-color has-background has-medium-font-size\"><strong>Autos, Verbrennung- Hybrid- oder Elektro- Motor<\/strong><\/p>\n\n\n\n<ul class=\"wp-block-list\"><li>KFZ-Fachbetrieb<\/li><li>Reparaturen aller Art<\/li><li>Services klein und gro\u00df &#8211; nach Herstellerangaben <\/li><li>Spurvermessung bis 3,5t (<a href=\"https:\/\/www.motorsport-sandra.at\/wordpress\/achsvermessung\/\" data-type=\"page\" data-id=\"342\">mehr Info<\/a>)<\/li><li>Klima-Service <\/li><li>Pickerl 57a<\/li><li>kleinere Karosserie-Arbeiten (zB. Einstiege einschwei\u00dfen usw.)<\/li><li>Windschutzscheiben-Reparatur u. Tausch<\/li><li>Diagnose aller Fahrzeugmarken <\/li><li>Ersatzteile <\/li><\/ul>\n\n\n\n<p class=\"has-text-align-left has-very-dark-gray-background-color has-background has-medium-font-size\"><strong>Motorr\u00e4der, Mopeds, Roller, Scooter <\/strong><\/p>\n\n\n\n<p>Wir reparieren in unserer Werkstatt Marken von&nbsp;<strong>A<\/strong>prilia bis&nbsp;<strong>Y<\/strong>amaha<br>(jedoch keine Zweir\u00e4der von Forstinger, ATU, Chinesische Fahrzeuge, und Peugeot)<\/p>\n\n\n\n<ul class=\"wp-block-list\"><li>Neu: \u00dcberpr\u00fcfen der Z\u00fcndspule, Potenziometer, weitere Messungen.<\/li><li>Unfallabwicklung mit und ohne Versicherung<\/li><li>Bei Motorr\u00e4dern im Zuge von einem Service auch Pickerl nach \u00a757a<\/li><li>Wir holen Ihr Fahrzeug auch gerne ab, und liefern es nach dem Service (oder Reparatur) zu Ihnen.<\/li><li>\u00dcberwinterung und Einstellung mit Fr\u00fchjahrescheck auch m\u00f6glich.<\/li><\/ul>\n\n\n\n<p class=\"has-text-align-left has-very-dark-gray-background-color has-background has-medium-font-size\"> <strong>Bei uns erhalten Sie auch:<\/strong> <\/p>\n\n\n\n<p>Die besten \u00d6le von Motorex<br>Luftfilter der Marken HifloFiltro, DNA, KN.<br>Z\u00fcndkerzen von NGK, Champion, Denso.<br>Bremsen der Marken Brembo, SBS, Galfer, Lucas, Goldfren, EBC, Ferodo<br>Rizoma Anbauteile und vieles mehr &#8230;<\/p>\n\n\n\n<p class=\"has-text-align-center\"><img loading=\"lazy\" decoding=\"async\" width=\"250\" height=\"166\" class=\"wp-image-197\" style=\"width: 250px;\" src=\"https:\/\/www.motorsport-sandra.at\/wordpress\/wp-content\/uploads\/2019\/12\/ersatzteile.jpg\" alt=\"\" srcset=\"https:\/\/www.motorsport-sandra.at\/wordpress\/wp-content\/uploads\/2019\/12\/ersatzteile.jpg 700w, https:\/\/www.motorsport-sandra.at\/wordpress\/wp-content\/uploads\/2019\/12\/ersatzteile-300x199.jpg 300w\" sizes=\"auto, (max-width: 250px) 100vw, 250px\" \/><\/p>\n\n\n\n<p class=\"has-text-align-center\"><\/p>\n\n\n\n<\/div>\n","protected":false},"excerpt":{"rendered":"<p>Autos, Verbrennung- Hybrid- oder Elektro- Motor KFZ-Fachbetrieb Reparaturen aller Art Services klein und gro\u00df &#8211; nach Herstellerangaben Spurvermessung bis 3,5t (mehr Info) Klima-Service Pickerl 57a kleinere Karosserie-Arbeiten (zB. Einstiege einschwei\u00dfen usw.) Windschutzscheiben-Reparatur u. Tausch Diagnose aller Fahrzeugmarken Ersatzteile Motorr\u00e4der, Mopeds, Roller, Scooter Wir reparieren in unserer Werkstatt Marken von&nbsp;Aprilia bis&nbsp;Yamaha(jedoch keine Zweir\u00e4der von Forstinger, ATU, [&hellip;]<\/p>\n","protected":false},"author":1,"featured_media":0,"parent":0,"menu_order":0,"comment_status":"closed","ping_status":"closed","template":"","meta":{"footnotes":""},"class_list":["post-190","page","type-page","status-publish","hentry"],"_links":{"self":[{"href":"https:\/\/www.motorsport-sandra.at\/wordpress\/wp-json\/wp\/v2\/pages\/190","targetHints":{"allow":["GET"]}}],"collection":[{"href":"https:\/\/www.motorsport-sandra.at\/wordpress\/wp-json\/wp\/v2\/pages"}],"about":[{"href":"https:\/\/www.motorsport-sandra.at\/wordpress\/wp-json\/wp\/v2\/types\/page"}],"author":[{"embeddable":true,"href":"https:\/\/www.motorsport-sandra.at\/wordpress\/wp-json\/wp\/v2\/users\/1"}],"replies":[{"embeddable":true,"href":"https:\/\/www.motorsport-sandra.at\/wordpress\/wp-json\/wp\/v2\/comments?post=190"}],"version-history":[{"count":29,"href":"https:\/\/www.motorsport-sandra.at\/wordpress\/wp-json\/wp\/v2\/pages\/190\/revisions"}],"predecessor-version":[{"id":346,"href":"https:\/\/www.motorsport-sandra.at\/wordpress\/wp-json\/wp\/v2\/pages\/190\/revisions\/346"}],"wp:attachment":[{"href":"https:\/\/www.motorsport-sandra.at\/wordpress\/wp-json\/wp\/v2\/media?parent=190"}],"curies":[{"name":"wp","href":"https:\/\/api.w.org\/{rel}","templated":true}]}}