{"id":6,"date":"2019-11-18T20:37:15","date_gmt":"2019-11-18T19:37:15","guid":{"rendered":"https:\/\/www.motorsport-sandra.at\/wordpress\/?page_id=6"},"modified":"2023-12-04T19:32:31","modified_gmt":"2023-12-04T18:32:31","slug":"home","status":"publish","type":"page","link":"https:\/\/www.motorsport-sandra.at\/wordpress\/","title":{"rendered":"Motorsport Sandra"},"content":{"rendered":"\n<div style=\"height:40px\" aria-hidden=\"true\" class=\"wp-block-spacer\"><\/div>\n\n\n\n<script src=\"..\/urlaubstext.php\"><\/script>\n<script>document.writeln(urlaubstext);<\/script>\n<div style=\"color:white;\">\n<script>document.getElementById(\"post-6\").firstElementChild.innerHTML = \"<h1 >Motorsport Sandra<\/h1>\";\ndocument.getElementById(\"post-6\").firstElementChild.style.color = \"white\";\n<\/script>\n\n\n\n<p class=\"has-medium-font-size\"><strong>Die Werkstatt f\u00fcr Autos, Motorr\u00e4der und Mopeds mit dem Rundum-Service<\/strong>. <br><br><strong><em>In den Wintermonaten sind wir auch telefonisch erreichbar: <br>0664 23 46 509<\/em><\/strong><\/p>\n\n\n\n<div style=\"height:40px\" aria-hidden=\"true\" class=\"wp-block-spacer\"><\/div>\n\n\n\n<p class=\"has-very-dark-gray-color has-pale-cyan-blue-background-color has-text-color has-background has-medium-font-size\"><strong>Als Spezialist f\u00fcr Elektrofahrzeuge hei\u00dfen wir Sie auch mit Ihren Elektro-Autos und Hybriden  willkommen !<\/strong><\/p>\n\n\n\n<p><\/p>\n\n\n\n<h2 class=\"wp-block-heading\">Auto<img loading=\"lazy\" decoding=\"async\" width=\"100\" height=\"76\" class=\"wp-image-37\" style=\"width: 100px;\" src=\"https:\/\/www.motorsport-sandra.at\/wordpress\/wp-content\/uploads\/2019\/11\/mercedes.png\" alt=\"\" srcset=\"https:\/\/www.motorsport-sandra.at\/wordpress\/wp-content\/uploads\/2019\/11\/mercedes.png 420w, https:\/\/www.motorsport-sandra.at\/wordpress\/wp-content\/uploads\/2019\/11\/mercedes-300x229.png 300w\" sizes=\"auto, (max-width: 100px) 100vw, 100px\" \/><\/h2>\n\n\n\n<p class=\"has-primary-color has-subtle-background-background-color has-text-color has-background\">Wir servicieren, reparieren, diagnostizieren, und inspizieren Ihre Kraftfahrzeuge bis 2.800 Kg.<br>Reparaturen jeglicher Art am Kraftfahrzeug. Bei uns bekommen Sie auch Ihr j\u00e4hrliches Pickerl \u00a7 57a .<br>Fragen Sie uns auch gerne nach Karosseriearbeiten wie Scheibenreparaturen, Schwei\u00dfarbeiten, und Weitere. <\/p>\n\n\n\n<p class=\"has-text-align-center has-very-dark-gray-color has-pale-cyan-blue-background-color has-text-color has-background has-medium-font-size\"><strong>Spurvermessung bis 3,5 t<br>Klimaanlagen &#8211; Wartung und Service<\/strong><br><strong>Windschutzscheiben Erneuerung u Reparatur<\/strong><\/p>\n\n\n\n<h2 class=\"wp-block-heading\">Zweirad<img loading=\"lazy\" decoding=\"async\" width=\"150\" height=\"84\" class=\"wp-image-38\" style=\"width: 150px;\" src=\"https:\/\/www.motorsport-sandra.at\/wordpress\/wp-content\/uploads\/2019\/11\/aprilia-factory.png\" alt=\"\" srcset=\"https:\/\/www.motorsport-sandra.at\/wordpress\/wp-content\/uploads\/2019\/11\/aprilia-factory.png 1056w, https:\/\/www.motorsport-sandra.at\/wordpress\/wp-content\/uploads\/2019\/11\/aprilia-factory-300x169.png 300w, https:\/\/www.motorsport-sandra.at\/wordpress\/wp-content\/uploads\/2019\/11\/aprilia-factory-1024x576.png 1024w, https:\/\/www.motorsport-sandra.at\/wordpress\/wp-content\/uploads\/2019\/11\/aprilia-factory-768x432.png 768w\" sizes=\"auto, (max-width: 150px) 100vw, 150px\" \/><\/h2>\n\n\n\n<p class=\"has-primary-color has-subtle-background-background-color has-text-color has-background\">Alles rund um die Zweir\u00e4der: Motorrad, Moped, Motorroller, Scooter, Roller, usw. finden Sie bei uns. Als Fachgesch\u00e4ft f\u00fcr Motorsport bieten wir neben dem Handel mit Motorr\u00e4dern und Mopeds, auch eine umfassende Angebotspalette an Ersatzteilen und Zubeh\u00f6r, gebrauchte Motorr\u00e4der und Roller, sowie in unserer Fachwerkstatt die Reparatur von Motorr\u00e4dern und Mopeds vieler Marken an. <\/p>\n\n\n\n<h2 class=\"wp-block-heading\">Zweirad Modelle<\/h2>\n\n\n\n<div class=\"wp-block-button alignleft is-style-outline is-style-outline--1\"><a class=\"wp-block-button__link\" href=\"http:\/\/www.aprilia.at\/modelle\" target=\"_blank\" rel=\"noreferrer noopener\"><img loading=\"lazy\" decoding=\"async\" width=\"100\" height=\"49\" class=\"wp-image-44\" style=\"width: 100px;\" src=\"https:\/\/www.motorsport-sandra.at\/wordpress\/wp-content\/uploads\/2019\/11\/aprilia.png\" alt=\"\"><\/a><\/div>\n\n\n\n<div class=\"wp-block-button is-style-outline is-style-outline--2\"><a class=\"wp-block-button__link\" href=\"http:\/\/www.sym-motor.at\/modelle\" target=\"_blank\" rel=\"noreferrer noopener\"><img loading=\"lazy\" decoding=\"async\" width=\"100\" height=\"50\" class=\"wp-image-49\" style=\"width: 100px;\" src=\"https:\/\/www.motorsport-sandra.at\/wordpress\/wp-content\/uploads\/2019\/11\/sym.png\" alt=\"\"><\/a><\/div>\n\n\n\n<div class=\"wp-block-columns alignwide is-layout-flex wp-container-core-columns-is-layout-9d6595d7 wp-block-columns-is-layout-flex\">\n<div class=\"wp-block-column is-layout-flow wp-block-column-is-layout-flow\"><\/div>\n<\/div>\n\n\n\n<p><\/p>\n\n\n\n<p><\/p>\n\n\n\n<\/div>\n","protected":false},"excerpt":{"rendered":"<p>Die Werkstatt f\u00fcr Autos, Motorr\u00e4der und Mopeds mit dem Rundum-Service. In den Wintermonaten sind wir auch telefonisch erreichbar: 0664 23 46 509 Als Spezialist f\u00fcr Elektrofahrzeuge hei\u00dfen wir Sie auch mit Ihren Elektro-Autos und Hybriden willkommen ! Auto Wir servicieren, reparieren, diagnostizieren, und inspizieren Ihre Kraftfahrzeuge bis 2.800 Kg.Reparaturen jeglicher Art am Kraftfahrzeug. Bei uns [&hellip;]<\/p>\n","protected":false},"author":1,"featured_media":0,"parent":0,"menu_order":0,"comment_status":"closed","ping_status":"closed","template":"","meta":{"footnotes":""},"class_list":["post-6","page","type-page","status-publish","hentry"],"_links":{"self":[{"href":"https:\/\/www.motorsport-sandra.at\/wordpress\/wp-json\/wp\/v2\/pages\/6","targetHints":{"allow":["GET"]}}],"collection":[{"href":"https:\/\/www.motorsport-sandra.at\/wordpress\/wp-json\/wp\/v2\/pages"}],"about":[{"href":"https:\/\/www.motorsport-sandra.at\/wordpress\/wp-json\/wp\/v2\/types\/page"}],"author":[{"embeddable":true,"href":"https:\/\/www.motorsport-sandra.at\/wordpress\/wp-json\/wp\/v2\/users\/1"}],"replies":[{"embeddable":true,"href":"https:\/\/www.motorsport-sandra.at\/wordpress\/wp-json\/wp\/v2\/comments?post=6"}],"version-history":[{"count":77,"href":"https:\/\/www.motorsport-sandra.at\/wordpress\/wp-json\/wp\/v2\/pages\/6\/revisions"}],"predecessor-version":[{"id":339,"href":"https:\/\/www.motorsport-sandra.at\/wordpress\/wp-json\/wp\/v2\/pages\/6\/revisions\/339"}],"wp:attachment":[{"href":"https:\/\/www.motorsport-sandra.at\/wordpress\/wp-json\/wp\/v2\/media?parent=6"}],"curies":[{"name":"wp","href":"https:\/\/api.w.org\/{rel}","templated":true}]}}